{"id":4828,"date":"2023-06-06T19:51:02","date_gmt":"2023-06-06T19:51:02","guid":{"rendered":"https:\/\/bloch1995.pl\/sklep\/?post_type=product&#038;p=4828"},"modified":"2025-10-18T02:03:39","modified_gmt":"2025-10-18T02:03:39","slug":"bloch-dzieciece-bkds-10","status":"publish","type":"product","link":"https:\/\/bloch1995.pl\/sklep\/sklep\/dzieciece-przeciwsloneczne\/bloch-dzieciece-bkds-10\/","title":{"rendered":"BLOCH Dzieci\u0119ce BKDS-10"},"content":{"rendered":"","protected":false},"excerpt":{"rendered":"<p>Dzieci\u0119ce okulary przeciws\u0142oneczne marki BLOCH<\/p>\n","protected":false},"featured_media":4829,"template":"","meta":[],"product_brand":[],"product_cat":[241,243],"product_tag":[],"class_list":{"0":"post-4828","1":"product","2":"type-product","3":"status-publish","4":"has-post-thumbnail","6":"product_cat-dzieciece-przeciwsloneczne","7":"product_cat-bloch-dzieciece","9":"first","10":"instock","11":"taxable","12":"shipping-taxable","13":"purchasable","14":"product-type-simple"},"_links":{"self":[{"href":"https:\/\/bloch1995.pl\/sklep\/wp-json\/wp\/v2\/product\/4828","targetHints":{"allow":["GET"]}}],"collection":[{"href":"https:\/\/bloch1995.pl\/sklep\/wp-json\/wp\/v2\/product"}],"about":[{"href":"https:\/\/bloch1995.pl\/sklep\/wp-json\/wp\/v2\/types\/product"}],"wp:featuredmedia":[{"embeddable":true,"href":"https:\/\/bloch1995.pl\/sklep\/wp-json\/wp\/v2\/media\/4829"}],"wp:attachment":[{"href":"https:\/\/bloch1995.pl\/sklep\/wp-json\/wp\/v2\/media?parent=4828"}],"wp:term":[{"taxonomy":"product_brand","embeddable":true,"href":"https:\/\/bloch1995.pl\/sklep\/wp-json\/wp\/v2\/product_brand?post=4828"},{"taxonomy":"product_cat","embeddable":true,"href":"https:\/\/bloch1995.pl\/sklep\/wp-json\/wp\/v2\/product_cat?post=4828"},{"taxonomy":"product_tag","embeddable":true,"href":"https:\/\/bloch1995.pl\/sklep\/wp-json\/wp\/v2\/product_tag?post=4828"}],"curies":[{"name":"wp","href":"https:\/\/api.w.org\/{rel}","templated":true}]}}