{"id":4270,"date":"2023-04-26T16:35:45","date_gmt":"2023-04-26T16:35:45","guid":{"rendered":"https:\/\/bloch1995.pl\/sklep\/?post_type=product&#038;p=4270"},"modified":"2025-10-16T10:38:54","modified_gmt":"2025-10-16T10:38:54","slug":"bloch-x-hyzy-bh-10-czarne-polysk","status":"publish","type":"product","link":"https:\/\/bloch1995.pl\/sklep\/sklep\/bloch-x-hyzy-pl\/bloch-x-hyzy-bh-10-czarne-polysk\/","title":{"rendered":"BLOCH x HY\u017bY BH-10 CZARNE PO\u0141YSK"},"content":{"rendered":"<h2><strong>BLOCH x HY\u017bY BH-10 CZARNE PO\u0141YSK<\/strong><\/h2>\n<p>Okulary BLOCH x HY\u017bY BH-10 to niebanalne po\u0142\u0105czenie klasyki z innowacyjno\u015bci\u0105, czyni\u0105ce je symbolem stylowej odwagi.<\/p>\n<p>Co wa\u017cne, okulary BH-10 nie s\u0105 jedynie dodatkiem. Staje si\u0119 akcesorium, kt\u00f3re dope\u0142nia ka\u017cd\u0105 stylizacj\u0119, a w wielu przypadkach wr\u0119cz j\u0105 definiuje.<\/p>\n<p>Metalowe detale i precyzyjne wykonanie \u015bwiadcz\u0105 o staranno\u015bci, z jak\u0105 zosta\u0142y stworzone. Dzi\u0119ki nim ka\u017cdy m\u0119\u017cczyzna mo\u017ce poczu\u0107 si\u0119 wyj\u0105tkowo, \u015bwiadomie kreuj\u0105c sw\u00f3j wizerunek. Z pewno\u015bci\u0105 s\u0105 to okulary dla tych, kt\u00f3rzy szukaj\u0105 czego\u015b wi\u0119cej ni\u017c tylko ochrony przed s\u0142o\u0144cem. BLOCH x HY\u017bY BH-10 to okulary dla tych, kt\u00f3rzy rozumiej\u0105, \u017ce moda to spos\u00f3b wyra\u017cania siebie.<\/p>\n<p>Model dost\u0119pny tak\u017ce w innych wariantach kolorystycznych: Czarne Mat, Br\u0105zowe.<\/p>\n","protected":false},"excerpt":{"rendered":"<p>Okulary przeciws\u0142oneczne z kolekcji Agnieszki i Grzegorza Hy\u017cy marki BLOCH x HY\u017bY<\/p>\n","protected":false},"featured_media":4442,"template":"","meta":[],"product_brand":[],"product_cat":[59,53],"product_tag":[],"class_list":{"0":"post-4270","1":"product","2":"type-product","3":"status-publish","4":"has-post-thumbnail","6":"product_cat-bloch-x-hyzy-pl","7":"product_cat-meskie-przeciwsloneczne-pl","9":"first","10":"instock","11":"taxable","12":"shipping-taxable","13":"purchasable","14":"product-type-simple"},"_links":{"self":[{"href":"https:\/\/bloch1995.pl\/sklep\/wp-json\/wp\/v2\/product\/4270","targetHints":{"allow":["GET"]}}],"collection":[{"href":"https:\/\/bloch1995.pl\/sklep\/wp-json\/wp\/v2\/product"}],"about":[{"href":"https:\/\/bloch1995.pl\/sklep\/wp-json\/wp\/v2\/types\/product"}],"wp:featuredmedia":[{"embeddable":true,"href":"https:\/\/bloch1995.pl\/sklep\/wp-json\/wp\/v2\/media\/4442"}],"wp:attachment":[{"href":"https:\/\/bloch1995.pl\/sklep\/wp-json\/wp\/v2\/media?parent=4270"}],"wp:term":[{"taxonomy":"product_brand","embeddable":true,"href":"https:\/\/bloch1995.pl\/sklep\/wp-json\/wp\/v2\/product_brand?post=4270"},{"taxonomy":"product_cat","embeddable":true,"href":"https:\/\/bloch1995.pl\/sklep\/wp-json\/wp\/v2\/product_cat?post=4270"},{"taxonomy":"product_tag","embeddable":true,"href":"https:\/\/bloch1995.pl\/sklep\/wp-json\/wp\/v2\/product_tag?post=4270"}],"curies":[{"name":"wp","href":"https:\/\/api.w.org\/{rel}","templated":true}]}}