{"id":4262,"date":"2023-04-26T15:30:23","date_gmt":"2023-04-26T15:30:23","guid":{"rendered":"https:\/\/bloch1995.pl\/sklep\/?post_type=product&#038;p=4262"},"modified":"2025-10-18T17:19:00","modified_gmt":"2025-10-18T17:19:00","slug":"bloch-x-hyzy-bh-07-biale","status":"publish","type":"product","link":"https:\/\/bloch1995.pl\/sklep\/sklep\/damskie-przeciwsloneczne-pl\/bloch-x-hyzy-bh-07-biale\/","title":{"rendered":"BLOCH x HY\u017bY BH-07 BIA\u0141E"},"content":{"rendered":"<h2><strong>BLOCH x HY\u017bY BH-07 BIA\u0141E<\/strong><\/h2>\n<p>BLOCH x HY\u017bY BH-07 BIA\u0141E. Ten model to klasyka, po\u0142\u0105czona z nowoczesnym, odwa\u017cnym designem. Te okulary s\u0105 wyrazem indywidualizmu i pewno\u015bci siebie ka\u017cdej kobiety, kt\u00f3ra je nosi.<\/p>\n<p>Nieskazitelna barwa przypomina o czysto\u015bci i niezm\u0105conej elegancji, oferuj\u0105c jednocze\u015bnie niesko\u0144czone mo\u017cliwo\u015bci kombinacyjne. Tak jak &#8220;ma\u0142a czarna&#8221; jest symbolem uniwersalnej klasy i stylu w \u015bwiecie mody, tak bia\u0142e oprawki staj\u0105 si\u0119 ekwiwalentem tej klasycznej kreacji, tyle \u017ce w wersji akcesorium.<\/p>\n<p>Biel jest kolorem, kt\u00f3ry nigdy nie wychodzi z mody. Jest niezwykle uniwersalna i potrafi dostosowa\u0107 si\u0119 do ka\u017cdej sytuacji. Bia\u0142e oprawki BLOCH x HY\u017bY BH-07, w po\u0142\u0105czeniu z r\u00f3\u017cnorodnymi kolorami i fakturami materia\u0142\u00f3w, staj\u0105 si\u0119 t\u0105 przys\u0142owiow\u0105 &#8220;ma\u0142\u0105 czarn\u0105&#8221; w \u015bwiecie okular\u00f3w \u2013 klasykiem, kt\u00f3ry zawsze i wsz\u0119dzie wygl\u0105da doskonale.<\/p>\n<p>Model dost\u0119pny tak\u017ce w innych wariantach kolorystycznych: Bia\u0142y, Havana, Zielone.<\/p>\n","protected":false},"excerpt":{"rendered":"<p>Okulary przeciws\u0142oneczne z kolekcji Agnieszki i Grzegorza Hy\u017cy marki BLOCH x HY\u017bY<\/p>\n","protected":false},"featured_media":4456,"template":"","meta":[],"product_brand":[],"product_cat":[55,59],"product_tag":[],"class_list":{"0":"post-4262","1":"product","2":"type-product","3":"status-publish","4":"has-post-thumbnail","6":"product_cat-damskie-przeciwsloneczne-pl","7":"product_cat-bloch-x-hyzy-pl","9":"first","10":"instock","11":"taxable","12":"shipping-taxable","13":"purchasable","14":"product-type-simple"},"_links":{"self":[{"href":"https:\/\/bloch1995.pl\/sklep\/wp-json\/wp\/v2\/product\/4262","targetHints":{"allow":["GET"]}}],"collection":[{"href":"https:\/\/bloch1995.pl\/sklep\/wp-json\/wp\/v2\/product"}],"about":[{"href":"https:\/\/bloch1995.pl\/sklep\/wp-json\/wp\/v2\/types\/product"}],"wp:featuredmedia":[{"embeddable":true,"href":"https:\/\/bloch1995.pl\/sklep\/wp-json\/wp\/v2\/media\/4456"}],"wp:attachment":[{"href":"https:\/\/bloch1995.pl\/sklep\/wp-json\/wp\/v2\/media?parent=4262"}],"wp:term":[{"taxonomy":"product_brand","embeddable":true,"href":"https:\/\/bloch1995.pl\/sklep\/wp-json\/wp\/v2\/product_brand?post=4262"},{"taxonomy":"product_cat","embeddable":true,"href":"https:\/\/bloch1995.pl\/sklep\/wp-json\/wp\/v2\/product_cat?post=4262"},{"taxonomy":"product_tag","embeddable":true,"href":"https:\/\/bloch1995.pl\/sklep\/wp-json\/wp\/v2\/product_tag?post=4262"}],"curies":[{"name":"wp","href":"https:\/\/api.w.org\/{rel}","templated":true}]}}