{"id":4257,"date":"2023-04-26T15:23:22","date_gmt":"2023-04-26T15:23:22","guid":{"rendered":"https:\/\/bloch1995.pl\/sklep\/?post_type=product&#038;p=4257"},"modified":"2025-10-21T17:33:50","modified_gmt":"2025-10-21T17:33:50","slug":"bloch-x-hyzy-bh-06-zolte","status":"publish","type":"product","link":"https:\/\/bloch1995.pl\/sklep\/sklep\/damskie-przeciwsloneczne-pl\/bloch-x-hyzy-bh-06-zolte\/","title":{"rendered":"BLOCH x HY\u017bY BH-06 \u017b\u00d3\u0141TE"},"content":{"rendered":"<h2><strong>BLOCH x HY\u017bY BH-06 \u017b\u00d3\u0141TE<\/strong><\/h2>\n<p>Okulary damskie BLOCH x HY\u017bY BH-06 w odcieniu \u017c\u00f3\u0142tym to, wyraz zwariowanej\u00a0 elegancji. Cho\u0107 klasyka zawsze by\u0142a w modzie, ten model wprowadza do niej nowatorski twist, kt\u00f3ry przyci\u0105ga uwag\u0119 i sprawia, \u017ce okulary staj\u0105 si\u0119 wyrazem osobistego stylu.<\/p>\n<p>Ka\u017cdy detal tych okular\u00f3w zosta\u0142 zaprojektowany z my\u015bl\u0105 o nowoczesnej, pewnej siebie kobiecie, kt\u00f3ra nie boi si\u0119 eksperymentowa\u0107 z mod\u0105.<\/p>\n<p>Noszenie nietuzinkowego koloru, to nie tylko \u015bmia\u0142y gest, to przede wszystkim \u015bwiadome wyra\u017cenie siebie. Dla tych nieustraszonych kobiet, modowe wyzwania s\u0105 jak codzienna przygoda, a odwa\u017cne akcenty kolorystyczne staj\u0105 si\u0119 sprzymierze\u0144cem w tworzeniu w\u0142asnych modowych standard\u00f3w.<\/p>\n<p>Je\u015bli jeste\u015b odwa\u017cna, ale te\u017c odrobin\u0119 zwariowana, wyb\u00f3r tych okular\u00f3w, to \u015bmia\u0142y i pewny spos\u00f3b wyra\u017cenia siebie w (modowym) \u015bwiecie.<\/p>\n<p>Model dost\u0119pny tak\u017ce w innych wariantach kolorystycznych: Czarne Po\u0142ysk, Niebieskie, Zielone.<\/p>\n","protected":false},"excerpt":{"rendered":"<p>Okulary przeciws\u0142oneczne z kolekcji Agnieszki i Grzegorza Hy\u017cy marki BLOCH x HY\u017bY<\/p>\n","protected":false},"featured_media":4468,"template":"","meta":[],"product_brand":[],"product_cat":[55,59],"product_tag":[],"class_list":{"0":"post-4257","1":"product","2":"type-product","3":"status-publish","4":"has-post-thumbnail","6":"product_cat-damskie-przeciwsloneczne-pl","7":"product_cat-bloch-x-hyzy-pl","9":"first","10":"instock","11":"taxable","12":"shipping-taxable","13":"purchasable","14":"product-type-simple"},"_links":{"self":[{"href":"https:\/\/bloch1995.pl\/sklep\/wp-json\/wp\/v2\/product\/4257","targetHints":{"allow":["GET"]}}],"collection":[{"href":"https:\/\/bloch1995.pl\/sklep\/wp-json\/wp\/v2\/product"}],"about":[{"href":"https:\/\/bloch1995.pl\/sklep\/wp-json\/wp\/v2\/types\/product"}],"wp:featuredmedia":[{"embeddable":true,"href":"https:\/\/bloch1995.pl\/sklep\/wp-json\/wp\/v2\/media\/4468"}],"wp:attachment":[{"href":"https:\/\/bloch1995.pl\/sklep\/wp-json\/wp\/v2\/media?parent=4257"}],"wp:term":[{"taxonomy":"product_brand","embeddable":true,"href":"https:\/\/bloch1995.pl\/sklep\/wp-json\/wp\/v2\/product_brand?post=4257"},{"taxonomy":"product_cat","embeddable":true,"href":"https:\/\/bloch1995.pl\/sklep\/wp-json\/wp\/v2\/product_cat?post=4257"},{"taxonomy":"product_tag","embeddable":true,"href":"https:\/\/bloch1995.pl\/sklep\/wp-json\/wp\/v2\/product_tag?post=4257"}],"curies":[{"name":"wp","href":"https:\/\/api.w.org\/{rel}","templated":true}]}}