{"id":4256,"date":"2023-04-26T15:22:25","date_gmt":"2023-04-26T15:22:25","guid":{"rendered":"https:\/\/bloch1995.pl\/sklep\/?post_type=product&#038;p=4256"},"modified":"2025-10-14T17:31:47","modified_gmt":"2025-10-14T17:31:47","slug":"bloch-x-hyzy-bh-06-czarne-polysk","status":"publish","type":"product","link":"https:\/\/bloch1995.pl\/sklep\/sklep\/damskie-przeciwsloneczne-pl\/bloch-x-hyzy-bh-06-czarne-polysk\/","title":{"rendered":"BLOCH x HY\u017bY BH-06 CZARNE PO\u0141YSK"},"content":{"rendered":"<h2><strong>BLOCH x HY\u017bY BH-06 CZARNE PO\u0141YSK<\/strong><\/h2>\n<p>Okulary BLOCH x HY\u017bY BH-06 emanuj\u0105 elegancj\u0105, wprowadzaj\u0105c jednocze\u015bnie do tradycyjnych kszta\u0142t\u00f3w odrobin\u0119 awangardy. Precyzyjne wyko\u0144czenie oraz l\u015bni\u0105ce, czarne oprawki nadaj\u0105 im niepowtarzalnego charakteru, kt\u00f3ry bez w\u0105tpienia przyci\u0105gnie spojrzenia innych.<\/p>\n<p>Model BH-06 to akcesorium, kt\u00f3re niezwykle umiej\u0119tnie \u0142\u0105czy klasyk\u0119 z modowym twistem. Okulary te, jak czarodziejska r\u00f3\u017cd\u017cka &#8211; cho\u0107 subtelne &#8211; maj\u0105 moc sprawiania, \u017ce ca\u0142o\u015b\u0107 nabiera wyrafinowanego charakteru i smaku.<\/p>\n<p>Wybieraj\u0105c okulary BLOCH x HY\u017bY BH-06, decydujesz si\u0119 na nowoczesn\u0105 interpretacj\u0119 klasyki. Jeste\u015b na to gotowa?<\/p>\n<p>Model dost\u0119pny tak\u017ce w innych wariantach kolorystycznych: Niebieskie, \u017b\u00f3\u0142te, Zielone.<\/p>\n","protected":false},"excerpt":{"rendered":"<p>Okulary przeciws\u0142oneczne z kolekcji Agnieszki i Grzegorza Hy\u017cy marki BLOCH x HY\u017bY<\/p>\n","protected":false},"featured_media":4470,"template":"","meta":[],"product_brand":[],"product_cat":[55,59],"product_tag":[],"class_list":{"0":"post-4256","1":"product","2":"type-product","3":"status-publish","4":"has-post-thumbnail","6":"product_cat-damskie-przeciwsloneczne-pl","7":"product_cat-bloch-x-hyzy-pl","9":"first","10":"instock","11":"taxable","12":"shipping-taxable","13":"purchasable","14":"product-type-simple"},"_links":{"self":[{"href":"https:\/\/bloch1995.pl\/sklep\/wp-json\/wp\/v2\/product\/4256","targetHints":{"allow":["GET"]}}],"collection":[{"href":"https:\/\/bloch1995.pl\/sklep\/wp-json\/wp\/v2\/product"}],"about":[{"href":"https:\/\/bloch1995.pl\/sklep\/wp-json\/wp\/v2\/types\/product"}],"wp:featuredmedia":[{"embeddable":true,"href":"https:\/\/bloch1995.pl\/sklep\/wp-json\/wp\/v2\/media\/4470"}],"wp:attachment":[{"href":"https:\/\/bloch1995.pl\/sklep\/wp-json\/wp\/v2\/media?parent=4256"}],"wp:term":[{"taxonomy":"product_brand","embeddable":true,"href":"https:\/\/bloch1995.pl\/sklep\/wp-json\/wp\/v2\/product_brand?post=4256"},{"taxonomy":"product_cat","embeddable":true,"href":"https:\/\/bloch1995.pl\/sklep\/wp-json\/wp\/v2\/product_cat?post=4256"},{"taxonomy":"product_tag","embeddable":true,"href":"https:\/\/bloch1995.pl\/sklep\/wp-json\/wp\/v2\/product_tag?post=4256"}],"curies":[{"name":"wp","href":"https:\/\/api.w.org\/{rel}","templated":true}]}}