{"id":4245,"date":"2023-04-26T14:54:08","date_gmt":"2023-04-26T14:54:08","guid":{"rendered":"https:\/\/bloch1995.pl\/sklep\/?post_type=product&#038;p=4245"},"modified":"2025-10-21T08:51:07","modified_gmt":"2025-10-21T08:51:07","slug":"bloch-x-hyzy-bh-03-czarne-polysk","status":"publish","type":"product","link":"https:\/\/bloch1995.pl\/sklep\/sklep\/damskie-przeciwsloneczne-pl\/bloch-x-hyzy-bh-03-czarne-polysk\/","title":{"rendered":"BLOCH x HY\u017bY BH-03 CZARNE PO\u0141YSK"},"content":{"rendered":"<h2><strong>BLOCH x HY\u017bY BH-03 CZARNE PO\u0141YSK<\/strong><\/h2>\n<p>Okulary BLOCH x HY\u017bY BH-03, to po\u0142\u0105czenie ponadczasowej klasyki z nowoczesnym twistem. Po\u0142\u0105czenie klasycznego designu z odrobin\u0105 awangardy, czyni je idealnym wyborem dla nowoczesnych kobiet, kt\u00f3re pragn\u0105 podkre\u015bli\u0107 sw\u00f3j indywidualizm, jednocze\u015bnie pozostaj\u0105c wiernymi tradycji i elegancji.<\/p>\n<p>Po\u0142ysk opraw dodaje g\u0142\u0119bi i charakteru, sprawiaj\u0105c, \u017ce okulary stanowi\u0105 idealne dope\u0142nienie zar\u00f3wno codziennych, jak i bardziej wyrafinowanych stylizacji.<\/p>\n<p>To akcesorium, kt\u00f3re b\u0119d\u0105c doskona\u0142ym uzupe\u0142nieniem outfitu, nie pozwoli by\u015b pozosta\u0142a niezauwa\u017cona.<\/p>\n<p>Model dost\u0119pny tak\u017ce w innych wariantach kolorystycznych: Czarne Mat i Z\u0142ote.<\/p>\n","protected":false},"excerpt":{"rendered":"<p>Okulary przeciws\u0142oneczne z kolekcji Agnieszki i Grzegorza Hy\u017cy marki BLOCH x HY\u017bY<\/p>\n","protected":false},"featured_media":4522,"template":"","meta":[],"product_brand":[],"product_cat":[55,59],"product_tag":[],"class_list":{"0":"post-4245","1":"product","2":"type-product","3":"status-publish","4":"has-post-thumbnail","6":"product_cat-damskie-przeciwsloneczne-pl","7":"product_cat-bloch-x-hyzy-pl","9":"first","10":"instock","11":"taxable","12":"shipping-taxable","13":"purchasable","14":"product-type-simple"},"_links":{"self":[{"href":"https:\/\/bloch1995.pl\/sklep\/wp-json\/wp\/v2\/product\/4245","targetHints":{"allow":["GET"]}}],"collection":[{"href":"https:\/\/bloch1995.pl\/sklep\/wp-json\/wp\/v2\/product"}],"about":[{"href":"https:\/\/bloch1995.pl\/sklep\/wp-json\/wp\/v2\/types\/product"}],"wp:featuredmedia":[{"embeddable":true,"href":"https:\/\/bloch1995.pl\/sklep\/wp-json\/wp\/v2\/media\/4522"}],"wp:attachment":[{"href":"https:\/\/bloch1995.pl\/sklep\/wp-json\/wp\/v2\/media?parent=4245"}],"wp:term":[{"taxonomy":"product_brand","embeddable":true,"href":"https:\/\/bloch1995.pl\/sklep\/wp-json\/wp\/v2\/product_brand?post=4245"},{"taxonomy":"product_cat","embeddable":true,"href":"https:\/\/bloch1995.pl\/sklep\/wp-json\/wp\/v2\/product_cat?post=4245"},{"taxonomy":"product_tag","embeddable":true,"href":"https:\/\/bloch1995.pl\/sklep\/wp-json\/wp\/v2\/product_tag?post=4245"}],"curies":[{"name":"wp","href":"https:\/\/api.w.org\/{rel}","templated":true}]}}