{"id":4236,"date":"2023-04-26T11:06:02","date_gmt":"2023-04-26T11:06:02","guid":{"rendered":"https:\/\/bloch1995.pl\/sklep\/?post_type=product&#038;p=4236"},"modified":"2025-10-22T03:19:58","modified_gmt":"2025-10-22T03:19:58","slug":"bloch-x-hyzy-bh-02-czarne-polysk","status":"publish","type":"product","link":"https:\/\/bloch1995.pl\/sklep\/sklep\/damskie-przeciwsloneczne-pl\/bloch-x-hyzy-bh-02-czarne-polysk\/","title":{"rendered":"BLOCH x HY\u017bY BH-02 CZARNE PO\u0141YSK"},"content":{"rendered":"<h2><strong>BLOCH x HY\u017bY BH-02 CZARNE PO\u0141YSK<\/strong><\/h2>\n<p>Okulary BLOCH x HY\u017bY BH-02 w kolorze Czarne Po\u0142ysk, to absolutna ikona nowoczesnej klasyki. To idealne po\u0142\u0105czenie tradycyjnej elegancji z odwa\u017cnym, wsp\u00f3\u0142czesnym designem.<\/p>\n<p>Tw\u00f3rcy tego modelu, postawili na ponadczasow\u0105 form\u0119, ale z nut\u0105 ekstrawagancji. Klasyczna czarna paleta zosta\u0142a tu wzbogacona o subteln\u0105 faktur\u0119 po\u0142ysku, nadaj\u0105c okularom dodatkowej g\u0142\u0119bi i charakteru. Model ten jest doskona\u0142ym wyborem dla pewnych siebie pa\u0144, kt\u00f3re nie boj\u0105 si\u0119 wyra\u017ca\u0107 siebie poprzez akcesoria.<\/p>\n<p>Kszta\u0142t i design okular\u00f3w zosta\u0142y tak zaprojektowane, aby pi\u0119knie komponowa\u0107 si\u0119 z r\u00f3\u017cnymi kszta\u0142tami twarzy, podkre\u015blaj\u0105c atuty. Model BH-02 to prawdziwa deklaracja stylu.<\/p>\n<p>Model dost\u0119pny tak\u017ce w innych wariantach kolorystycznych: Czarne Mat i Havana.<\/p>\n","protected":false},"excerpt":{"rendered":"<p>Okulary przeciws\u0142oneczne z kolekcji Agnieszki i Grzegorza Hy\u017cy marki BLOCH x HY\u017bY<\/p>\n","protected":false},"featured_media":4516,"template":"","meta":[],"product_brand":[],"product_cat":[55,59],"product_tag":[],"class_list":{"0":"post-4236","1":"product","2":"type-product","3":"status-publish","4":"has-post-thumbnail","6":"product_cat-damskie-przeciwsloneczne-pl","7":"product_cat-bloch-x-hyzy-pl","9":"first","10":"instock","11":"taxable","12":"shipping-taxable","13":"purchasable","14":"product-type-simple"},"_links":{"self":[{"href":"https:\/\/bloch1995.pl\/sklep\/wp-json\/wp\/v2\/product\/4236","targetHints":{"allow":["GET"]}}],"collection":[{"href":"https:\/\/bloch1995.pl\/sklep\/wp-json\/wp\/v2\/product"}],"about":[{"href":"https:\/\/bloch1995.pl\/sklep\/wp-json\/wp\/v2\/types\/product"}],"wp:featuredmedia":[{"embeddable":true,"href":"https:\/\/bloch1995.pl\/sklep\/wp-json\/wp\/v2\/media\/4516"}],"wp:attachment":[{"href":"https:\/\/bloch1995.pl\/sklep\/wp-json\/wp\/v2\/media?parent=4236"}],"wp:term":[{"taxonomy":"product_brand","embeddable":true,"href":"https:\/\/bloch1995.pl\/sklep\/wp-json\/wp\/v2\/product_brand?post=4236"},{"taxonomy":"product_cat","embeddable":true,"href":"https:\/\/bloch1995.pl\/sklep\/wp-json\/wp\/v2\/product_cat?post=4236"},{"taxonomy":"product_tag","embeddable":true,"href":"https:\/\/bloch1995.pl\/sklep\/wp-json\/wp\/v2\/product_tag?post=4236"}],"curies":[{"name":"wp","href":"https:\/\/api.w.org\/{rel}","templated":true}]}}