{"id":4230,"date":"2023-04-26T10:49:51","date_gmt":"2023-04-26T10:49:51","guid":{"rendered":"https:\/\/bloch1995.pl\/sklep\/?post_type=product&#038;p=4230"},"modified":"2025-10-18T17:32:47","modified_gmt":"2025-10-18T17:32:47","slug":"bloch-x-hyzy-bh-13-brazowe-przezroczyste","status":"publish","type":"product","link":"https:\/\/bloch1995.pl\/sklep\/sklep\/bloch-x-hyzy-pl\/bloch-x-hyzy-bh-13-brazowe-przezroczyste\/","title":{"rendered":"BLOCH x HY\u017bY BH-13 BR\u0104ZOWE PRZE\u0179ROCZYSTE"},"content":{"rendered":"<h2><strong>BLOCH x HY\u017bY BH-13 BR\u0104ZOWE PRZE\u0179ROCZYSTE<\/strong><\/h2>\n<p>Okulary BLOCH x HY\u017bY BH-13, to klasyka w nowoczesnym wydaniu.<\/p>\n<p>Kolor br\u0105zowy prze\u017aroczysty, w kt\u00f3rym zosta\u0142y wykonane, dodaje im g\u0142\u0119bi i wyrafinowania, jednocze\u015bnie nie dominuj\u0105c nad reszt\u0105 stylizacji.<\/p>\n<p>Sam design tych okular\u00f3w, to mistrzostwo r\u00f3wnowagi pomi\u0119dzy tradycyjnym kszta\u0142tem a nowoczesnymi detalami. Oprawki s\u0105 solidne i wykonane z najwy\u017cszej jako\u015bci materia\u0142\u00f3w, co gwarantuje ich trwa\u0142o\u015b\u0107 i komfort noszenia.<\/p>\n<p>Model dost\u0119pny tak\u017ce w innych wariantach kolorystycznych: Niebieskie, Czarne, Zielone.<\/p>\n","protected":false},"excerpt":{"rendered":"<p>Oprawa korekcyjna z kolekcji Agnieszki i Grzegorza Hy\u017cy marki BLOCH x HY\u017bY<\/p>\n","protected":false},"featured_media":4502,"template":"","meta":[],"product_brand":[],"product_cat":[59,54],"product_tag":[],"class_list":{"0":"post-4230","1":"product","2":"type-product","3":"status-publish","4":"has-post-thumbnail","6":"product_cat-bloch-x-hyzy-pl","7":"product_cat-damskie-korekcyjne-pl","9":"first","10":"instock","11":"taxable","12":"shipping-taxable","13":"purchasable","14":"product-type-simple"},"_links":{"self":[{"href":"https:\/\/bloch1995.pl\/sklep\/wp-json\/wp\/v2\/product\/4230","targetHints":{"allow":["GET"]}}],"collection":[{"href":"https:\/\/bloch1995.pl\/sklep\/wp-json\/wp\/v2\/product"}],"about":[{"href":"https:\/\/bloch1995.pl\/sklep\/wp-json\/wp\/v2\/types\/product"}],"wp:featuredmedia":[{"embeddable":true,"href":"https:\/\/bloch1995.pl\/sklep\/wp-json\/wp\/v2\/media\/4502"}],"wp:attachment":[{"href":"https:\/\/bloch1995.pl\/sklep\/wp-json\/wp\/v2\/media?parent=4230"}],"wp:term":[{"taxonomy":"product_brand","embeddable":true,"href":"https:\/\/bloch1995.pl\/sklep\/wp-json\/wp\/v2\/product_brand?post=4230"},{"taxonomy":"product_cat","embeddable":true,"href":"https:\/\/bloch1995.pl\/sklep\/wp-json\/wp\/v2\/product_cat?post=4230"},{"taxonomy":"product_tag","embeddable":true,"href":"https:\/\/bloch1995.pl\/sklep\/wp-json\/wp\/v2\/product_tag?post=4230"}],"curies":[{"name":"wp","href":"https:\/\/api.w.org\/{rel}","templated":true}]}}