{"id":4229,"date":"2023-04-26T10:49:50","date_gmt":"2023-04-26T10:49:50","guid":{"rendered":"https:\/\/bloch1995.pl\/sklep\/?post_type=product&#038;p=4229"},"modified":"2025-10-20T17:04:34","modified_gmt":"2025-10-20T17:04:34","slug":"bloch-x-hyzy-bh-13-zielone","status":"publish","type":"product","link":"https:\/\/bloch1995.pl\/sklep\/sklep\/bloch-x-hyzy-pl\/bloch-x-hyzy-bh-13-zielone\/","title":{"rendered":"BLOCH x HY\u017bY BH-13 ZIELONE"},"content":{"rendered":"<h2><strong>BLOCH x HY\u017bY BH-13 ZIELONE<\/strong><\/h2>\n<p>BLOCH x HY\u017bY BH-13 te damskie oprawy korekcyjne, kt\u00f3re zosta\u0142y zaprojektowane z my\u015bl\u0105 o nowoczesnych, pewnych siebie kobietach, dla kt\u00f3rych elegancja i styl id\u0105 w parze z funkcjonalno\u015bci\u0105.<\/p>\n<p>Wykonane z najwy\u017cszej jako\u015bci materia\u0142\u00f3w, gwarantuj\u0105 nie tylko doskona\u0142y komfort noszenia, ale te\u017c trwa\u0142o\u015b\u0107 na lata. Zielony kolor opraw dodaje g\u0142\u0119bi i charakteru, staj\u0105c si\u0119 subtelnym, ale wyrazistym akcentem w ka\u017cdej stylizacji.<\/p>\n<p>Kiedy m\u00f3wimy o klasie, cz\u0119sto my\u015blimy o ponadczasowych wzorach i kszta\u0142tach. BLOCH x HY\u017bY BH-13 idealnie wpisuj\u0105 si\u0119 w t\u0119 definicj\u0119, ale nie boj\u0105 si\u0119 te\u017c dodawa\u0107 tego nieoczywistego akcentu, kt\u00f3ry czyni je wyj\u0105tkowymi.<\/p>\n<p>Model dost\u0119pny tak\u017ce w innych wariantach kolorystycznych: Czarne, Br\u0105zowe Prze\u017aroczyste, Niebieskie.<\/p>\n","protected":false},"excerpt":{"rendered":"<p>Oprawa korekcyjna z kolekcji Agnieszki i Grzegorza Hy\u017cy marki BLOCH x HY\u017bY<\/p>\n","protected":false},"featured_media":4500,"template":"","meta":[],"product_brand":[],"product_cat":[59,54],"product_tag":[],"class_list":{"0":"post-4229","1":"product","2":"type-product","3":"status-publish","4":"has-post-thumbnail","6":"product_cat-bloch-x-hyzy-pl","7":"product_cat-damskie-korekcyjne-pl","9":"first","10":"instock","11":"taxable","12":"shipping-taxable","13":"purchasable","14":"product-type-simple"},"_links":{"self":[{"href":"https:\/\/bloch1995.pl\/sklep\/wp-json\/wp\/v2\/product\/4229","targetHints":{"allow":["GET"]}}],"collection":[{"href":"https:\/\/bloch1995.pl\/sklep\/wp-json\/wp\/v2\/product"}],"about":[{"href":"https:\/\/bloch1995.pl\/sklep\/wp-json\/wp\/v2\/types\/product"}],"wp:featuredmedia":[{"embeddable":true,"href":"https:\/\/bloch1995.pl\/sklep\/wp-json\/wp\/v2\/media\/4500"}],"wp:attachment":[{"href":"https:\/\/bloch1995.pl\/sklep\/wp-json\/wp\/v2\/media?parent=4229"}],"wp:term":[{"taxonomy":"product_brand","embeddable":true,"href":"https:\/\/bloch1995.pl\/sklep\/wp-json\/wp\/v2\/product_brand?post=4229"},{"taxonomy":"product_cat","embeddable":true,"href":"https:\/\/bloch1995.pl\/sklep\/wp-json\/wp\/v2\/product_cat?post=4229"},{"taxonomy":"product_tag","embeddable":true,"href":"https:\/\/bloch1995.pl\/sklep\/wp-json\/wp\/v2\/product_tag?post=4229"}],"curies":[{"name":"wp","href":"https:\/\/api.w.org\/{rel}","templated":true}]}}