{"id":4225,"date":"2023-04-26T10:31:19","date_gmt":"2023-04-26T10:31:19","guid":{"rendered":"https:\/\/bloch1995.pl\/sklep\/?post_type=product&#038;p=4225"},"modified":"2025-10-14T18:09:27","modified_gmt":"2025-10-14T18:09:27","slug":"bloch-x-hyzy-bh-13-czarne","status":"publish","type":"product","link":"https:\/\/bloch1995.pl\/sklep\/sklep\/bloch-x-hyzy-pl\/bloch-x-hyzy-bh-13-czarne\/","title":{"rendered":"BLOCH x HY\u017bY BH-13 CZARNE"},"content":{"rendered":"<h2><strong>BLOCH x HY\u017bY BH-13 CZARNE<\/strong><\/h2>\n<p>Okulary BLOCH x HY\u017bY BH-13 w odcieniu g\u0142\u0119bokiej czerni to wyrazisty symbol elegancji w damskim wydaniu.<\/p>\n<p>Nie spos\u00f3b przej\u015b\u0107 obok nich oboj\u0119tnie. Ka\u017cdy szczeg\u00f3\u0142 zosta\u0142 dopracowany z dba\u0142o\u015bci\u0105 o najdrobniejszy detal, co sprawia, \u017ce s\u0105 one nie tylko funkcjonalne, ale i wyj\u0105tkowo stylowe.<br \/>\nBLOCH x HY\u017bY BH-13 s\u0105 jak ma\u0142a czarna sukienka, kt\u00f3ra zyska\u0142a nowy wymiar dzi\u0119ki subtelnej aplikacji lub dodatkowi \u2013 chocia\u017c klasyczne w formie, maj\u0105 w sobie co\u015b, co sprawia, \u017ce nie spos\u00f3b si\u0119 nimi nie zachwyci\u0107.<\/p>\n<p>Te oprawy korekcyjne przyci\u0105gaj\u0105 wzrok niebanalnym designem, daj\u0105c w efekcie kreacj\u0119 pe\u0142n\u0105 charakteru.<\/p>\n<p>Model dost\u0119pny tak\u017ce w innych wariantach kolorystycznych: Niebieskie, Br\u0105zowe Prze\u017aroczyste, Zielone.<\/p>\n","protected":false},"excerpt":{"rendered":"<p>Oprawa korekcyjna z kolekcji Agnieszki i Grzegorza Hy\u017cy marki BLOCH x HY\u017bY<\/p>\n","protected":false},"featured_media":4496,"template":"","meta":[],"product_brand":[],"product_cat":[59,54],"product_tag":[],"class_list":{"0":"post-4225","1":"product","2":"type-product","3":"status-publish","4":"has-post-thumbnail","6":"product_cat-bloch-x-hyzy-pl","7":"product_cat-damskie-korekcyjne-pl","9":"first","10":"instock","11":"taxable","12":"shipping-taxable","13":"purchasable","14":"product-type-simple"},"_links":{"self":[{"href":"https:\/\/bloch1995.pl\/sklep\/wp-json\/wp\/v2\/product\/4225","targetHints":{"allow":["GET"]}}],"collection":[{"href":"https:\/\/bloch1995.pl\/sklep\/wp-json\/wp\/v2\/product"}],"about":[{"href":"https:\/\/bloch1995.pl\/sklep\/wp-json\/wp\/v2\/types\/product"}],"wp:featuredmedia":[{"embeddable":true,"href":"https:\/\/bloch1995.pl\/sklep\/wp-json\/wp\/v2\/media\/4496"}],"wp:attachment":[{"href":"https:\/\/bloch1995.pl\/sklep\/wp-json\/wp\/v2\/media?parent=4225"}],"wp:term":[{"taxonomy":"product_brand","embeddable":true,"href":"https:\/\/bloch1995.pl\/sklep\/wp-json\/wp\/v2\/product_brand?post=4225"},{"taxonomy":"product_cat","embeddable":true,"href":"https:\/\/bloch1995.pl\/sklep\/wp-json\/wp\/v2\/product_cat?post=4225"},{"taxonomy":"product_tag","embeddable":true,"href":"https:\/\/bloch1995.pl\/sklep\/wp-json\/wp\/v2\/product_tag?post=4225"}],"curies":[{"name":"wp","href":"https:\/\/api.w.org\/{rel}","templated":true}]}}