{"id":4100,"date":"2023-04-13T13:30:09","date_gmt":"2023-04-13T13:30:09","guid":{"rendered":"https:\/\/bloch1995.pl\/sklep\/?post_type=product&#038;p=4100"},"modified":"2025-10-21T00:29:33","modified_gmt":"2025-10-21T00:29:33","slug":"bs-26-c3","status":"publish","type":"product","link":"https:\/\/bloch1995.pl\/sklep\/sklep\/bloch-pl\/bs-26-c3\/","title":{"rendered":"BLOCH BS-26 FIOLETOWE"},"content":{"rendered":"<h2><strong>Okulary BLOCH BS-26 FIOLETOWE<\/strong><\/h2>\n<p>Odkryj wyj\u0105tkow\u0105 elegancj\u0119 i funkcjonalno\u015b\u0107 w jednym &#8211; okulary BLOCH BS-26 w hipnotyzuj\u0105cym odcieniu fioletu. Te damskie okulary stanowi\u0105 doskona\u0142e uzupe\u0142nienie ka\u017cdej stylizacji, ale r\u00f3wnie\u017c gwarantuj\u0105 ochron\u0119 przed szkodliwym dzia\u0142aniem promieni s\u0142onecznych.<\/p>\n<p>Polaryzacja szkie\u0142 okular\u00f3w BLOCH BS-26 zapewnia doskona\u0142\u0105 widoczno\u015b\u0107, eliminuj\u0105c odblaski i chroni\u0105c oczy przed szkodliwym dzia\u0142aniem promieni UV. Dzi\u0119ki temu s\u0105 idealnym wyborem nie tylko dla mi\u0142o\u015bniczek modnych dodatk\u00f3w, ale tak\u017ce dla tych, kt\u00f3re ceni\u0105 sobie komfort i ochron\u0119 w codziennym \u017cyciu.<\/p>\n<p>BLOCH BS-26 FIOLETOWE wyr\u00f3\u017cniaj\u0105 si\u0119 subtelnym designem, doskonale komponuj\u0105cym si\u0119 zar\u00f3wno z codziennymi, jak i bardziej oficjalnymi kreacjami. Ich klasyczna forma podkre\u015bla charakter ka\u017cdej kobiety, dodaj\u0105c jej nuty wyrafinowania. Wykonane z wysokiej jako\u015bci materia\u0142\u00f3w, okulary s\u0105 lekkie i wygodne, co sprawia, \u017ce idealnie nadaj\u0105 si\u0119 do noszenia przez ca\u0142y dzie\u0144.<\/p>\n<p>Model dost\u0119pny r\u00f3wnie\u017c w kolorach niebieskim i czarny po\u0142ysk.<\/p>\n","protected":false},"excerpt":{"rendered":"<p>Okulary przeciws\u0142oneczne marki BLOCH<\/p>\n","protected":false},"featured_media":4101,"template":"","meta":[],"product_brand":[],"product_cat":[15,55],"product_tag":[],"class_list":{"0":"post-4100","1":"product","2":"type-product","3":"status-publish","4":"has-post-thumbnail","6":"product_cat-bloch-pl","7":"product_cat-damskie-przeciwsloneczne-pl","9":"first","10":"instock","11":"taxable","12":"shipping-taxable","13":"purchasable","14":"product-type-simple"},"_links":{"self":[{"href":"https:\/\/bloch1995.pl\/sklep\/wp-json\/wp\/v2\/product\/4100","targetHints":{"allow":["GET"]}}],"collection":[{"href":"https:\/\/bloch1995.pl\/sklep\/wp-json\/wp\/v2\/product"}],"about":[{"href":"https:\/\/bloch1995.pl\/sklep\/wp-json\/wp\/v2\/types\/product"}],"wp:featuredmedia":[{"embeddable":true,"href":"https:\/\/bloch1995.pl\/sklep\/wp-json\/wp\/v2\/media\/4101"}],"wp:attachment":[{"href":"https:\/\/bloch1995.pl\/sklep\/wp-json\/wp\/v2\/media?parent=4100"}],"wp:term":[{"taxonomy":"product_brand","embeddable":true,"href":"https:\/\/bloch1995.pl\/sklep\/wp-json\/wp\/v2\/product_brand?post=4100"},{"taxonomy":"product_cat","embeddable":true,"href":"https:\/\/bloch1995.pl\/sklep\/wp-json\/wp\/v2\/product_cat?post=4100"},{"taxonomy":"product_tag","embeddable":true,"href":"https:\/\/bloch1995.pl\/sklep\/wp-json\/wp\/v2\/product_tag?post=4100"}],"curies":[{"name":"wp","href":"https:\/\/api.w.org\/{rel}","templated":true}]}}