{"id":4099,"date":"2023-04-13T13:30:07","date_gmt":"2023-04-13T13:30:07","guid":{"rendered":"https:\/\/bloch1995.pl\/sklep\/?post_type=product&#038;p=4099"},"modified":"2025-10-19T17:28:14","modified_gmt":"2025-10-19T17:28:14","slug":"bs-26-c2","status":"publish","type":"product","link":"https:\/\/bloch1995.pl\/sklep\/sklep\/bloch-pl\/bs-26-c2\/","title":{"rendered":"BLOCH BS-26 NIEBIESKIE"},"content":{"rendered":"<h2><strong>BLOCH BS-26 NIEBIESKIE<\/strong><\/h2>\n<p>Okulary damskie\u00a0 BLOCH BS-26 to po\u0142\u0105czenie nowoczesno\u015bci z klasyk\u0105, kt\u00f3re zaowocowa\u0142o wyj\u0105tkowym designem. Model ten zosta\u0142 stworzony z my\u015bl\u0105 o nowoczesnych kobietach, kt\u00f3re ceni\u0105 sobie oryginalno\u015b\u0107 i nut\u0119 szale\u0144stwa.<\/p>\n<p>Polaryzacja soczewek ochroni ona Twoje oczy przed szkodliwym dzia\u0142aniem promieniowania UV, a tak\u017ce znacz\u0105co zredukuje odblaski, co jest szczeg\u00f3lnie przydatne np. podczas jazdy samochodem. Polaryzacja gwarantuje ponadto klarowno\u015b\u0107 widzenia, kontrast oraz \u017cywe kolory, bez wzgl\u0119du na warunki o\u015bwietleniowe.<\/p>\n<p>Solidna konstrukcja i precyzyjne wykonanie sprawiaj\u0105, \u017ce okulary BLOCH BS-26 b\u0119d\u0105 s\u0142u\u017cy\u0142y Ci przez wiele lat. Delikatne, ale wytrzyma\u0142e zawiasy zapewniaj\u0105 komfort noszenia i \u0142atwo\u015b\u0107 w zak\u0142adaniu i zdejmowaniu.<\/p>\n<p>Te okulary, to przede wszystkim dba\u0142o\u015b\u0107 o Twoje oczy, ale r\u00f3wnie\u017c spos\u00f3b na podkre\u015blenie Twojego charakteru i wyr\u00f3\u017cnienie si\u0119 z t\u0142umu.<\/p>\n<p>Model dost\u0119pny r\u00f3wnie\u017c w kolorach fioletowym i czarny po\u0142ysk.<\/p>\n","protected":false},"excerpt":{"rendered":"<p>Okulary przeciws\u0142oneczne marki BLOCH<\/p>\n","protected":false},"featured_media":4103,"template":"","meta":[],"product_brand":[],"product_cat":[15,55],"product_tag":[],"class_list":{"0":"post-4099","1":"product","2":"type-product","3":"status-publish","4":"has-post-thumbnail","6":"product_cat-bloch-pl","7":"product_cat-damskie-przeciwsloneczne-pl","9":"first","10":"instock","11":"taxable","12":"shipping-taxable","13":"purchasable","14":"product-type-simple"},"_links":{"self":[{"href":"https:\/\/bloch1995.pl\/sklep\/wp-json\/wp\/v2\/product\/4099","targetHints":{"allow":["GET"]}}],"collection":[{"href":"https:\/\/bloch1995.pl\/sklep\/wp-json\/wp\/v2\/product"}],"about":[{"href":"https:\/\/bloch1995.pl\/sklep\/wp-json\/wp\/v2\/types\/product"}],"wp:featuredmedia":[{"embeddable":true,"href":"https:\/\/bloch1995.pl\/sklep\/wp-json\/wp\/v2\/media\/4103"}],"wp:attachment":[{"href":"https:\/\/bloch1995.pl\/sklep\/wp-json\/wp\/v2\/media?parent=4099"}],"wp:term":[{"taxonomy":"product_brand","embeddable":true,"href":"https:\/\/bloch1995.pl\/sklep\/wp-json\/wp\/v2\/product_brand?post=4099"},{"taxonomy":"product_cat","embeddable":true,"href":"https:\/\/bloch1995.pl\/sklep\/wp-json\/wp\/v2\/product_cat?post=4099"},{"taxonomy":"product_tag","embeddable":true,"href":"https:\/\/bloch1995.pl\/sklep\/wp-json\/wp\/v2\/product_tag?post=4099"}],"curies":[{"name":"wp","href":"https:\/\/api.w.org\/{rel}","templated":true}]}}