{"id":3791,"date":"2023-03-02T12:19:57","date_gmt":"2023-03-02T12:19:57","guid":{"rendered":"https:\/\/bloch1995.pl\/sklep\/?page_id=3791"},"modified":"2023-04-17T18:57:40","modified_gmt":"2023-04-17T18:57:40","slug":"polityka-prywatnosci","status":"publish","type":"page","link":"https:\/\/bloch1995.pl\/sklep\/polityka-prywatnosci\/","title":{"rendered":"Polityka prywatno\u015bci"},"content":{"rendered":"<p>[vc_row][vc_column][vc_column_text]<\/p>\n<p><strong>\u201ePOLITYKA PRYWATNO\u015aCI\u201d<\/strong><\/p>\n\n<p>OOKSY BLOCH BIERNACKI SP\u00d3\u0141KA JAWNA z siedzib\u0105 w Poznaniu, ul. Rynek \u0141azarski 2, 60 \u2013 731 Pozna\u0144, wpisany do KRS pod nr 0000818192, NIP: 7792511776 (dalej jako: \u201eOOKSY BLOCH BIERNACKI SP\u00d3\u0141KA JAWNA\u201d), stosuje zasady w zakresie ochrony danych osobowych wynikaj\u0105cych z RODO (Rozporz\u0105dzenia Parlamentu Europejskiego i Rady (UE) nr 2016\/679 z dnia 27 kwietnia 2016 r. w sprawie ochrony os\u00f3b fizycznych w zwi\u0105zku z\u00a0przetwarzaniem danych osobowych i\u00a0w sprawie swobodnego przep\u0142ywu takich danych oraz uchylenia dyrektywy 95\/46\/WE) wykonuj\u0105c obowi\u0105zek przewidziany w art. 14 RODO. Poni\u017cej znajduj\u0105 si\u0119 szczeg\u00f3\u0142owe informacje dotycz\u0105ce ochrony Pa\u0144stwa danych osobowych oraz praw, kt\u00f3re w zwi\u0105zku z przetwarzaniem Pa\u0144stwu przys\u0142uguj\u0105.<\/p>\n<!-- \/wp:post-content -->\n<p><!-- wp:paragraph --><strong>Administrator danych osobowych:<\/strong><\/p>\n<!-- \/wp:paragraph -->\n<p>OOKSY BLOCH BIERNACKI SP\u00d3\u0141KA JAWNA w Poznaniu;<\/p>\n<!-- \/wp:paragraph -->\n<p><!-- wp:paragraph -->ul. Rynek \u0141azarski 2, 60 \u2013 731 Pozna\u0144;<\/p>\n<!-- \/wp:paragraph -->\n<p><!-- wp:paragraph -->W sprawach dotycz\u0105cych przetwarzania danych osobowych w OOKSY BLOCH BIERNACKI SP\u00d3\u0141KA JAWNA w Poznaniu oraz praw przys\u0142uguj\u0105cych Pa\u0144stwu z tego tytu\u0142u prosimy o kontakt:<\/p>\n<!-- \/wp:paragraph -->\n<!-- wp:list -->\n<ul>\n<li style=\"list-style-type: none;\">\n<ul><!-- wp:list-item --><\/p>\n<li>e-mail: sklep@blochoptyk.pl<\/li>\n<!-- \/wp:list-item -->\n<!-- wp:list-item -->\n<li>telefonicznie: +48 502 769 067 w godzinach pracy salonu,<\/li>\n<!-- \/wp:list-item -->\n<!-- wp:list-item -->\n<li>listownie na adres: ul. Rynek \u0141azarski 2, 60 \u2013 731 Pozna\u0144;<\/li>\n<\/ul>\n<\/li>\n<\/ul>\n<!-- \/wp:list-item --><!-- \/wp:list -->\n<p><!-- wp:paragraph -->Podanie danych osobowych jest zawsze dobrowolne, jednak\u017ce niezb\u0119dne w celu realizacji us\u0142ug przez OOKSY BLOCH BIERNACKI SP\u00d3\u0141KA JAWNA. Pozostaj\u0105 Pa\u0144stwo anonimowymi tak d\u0142ugo, a\u017c sami nie zdecyduj\u0105 inaczej. Dane nie b\u0119d\u0105 przetwarzane na potrzeby zautomatyzowanego podejmowania decyzji, np. profilowania.<\/p>\n<!-- \/wp:paragraph -->\n<p><!-- wp:paragraph --><strong>Cele i podstawy przetwarzania danych osobowych<\/strong><\/p>\n<!-- \/wp:paragraph -->\n<p><!-- wp:paragraph -->Realizuj\u0105c us\u0142ugi OOKSY BLOCH BIERNACKI SP\u00d3\u0141KA JAWNA przetwarza wy\u0142\u0105cznie te dane, kt\u00f3re s\u0105 niezb\u0119dne dla rzetelnego jej wykonania. Przetwarzamy takie dane jak; imiona, nazwiska klient\u00f3w, imiona dane adresowe i\u00a0kontaktowe.<\/p>\n<!-- \/wp:paragraph -->\n<p><!-- wp:paragraph --><strong>Kontakt<\/strong><\/p>\n<!-- \/wp:paragraph -->\n<p><!-- wp:paragraph -->Wype\u0142niaj\u0105c formularz kontaktowy, wysy\u0142aj\u0105c e-mail\/list, kontaktuj\u0105c si\u0119 z nami telefonicznie, przetwarzamy Pa\u0144stwa dane w\u00a0celu kontaktu, korespondencji, przesy\u0142ania wa\u017cnych komunikat\u00f3w dotycz\u0105cych m.in. zmian w\u00a0funkcjonowaniu serwisu, zmian w regulaminach. Dane te podlegaj\u0105 archiwizacji. Podstawa prawna przetwarzania &#8211; uzasadniony cel jako administratora zwi\u0105zany z\u00a0prowadzeniem korespondencji w zakresie dzia\u0142alno\u015bci gospodarczej i prawie do jej archiwizowania.<\/p>\n<!-- \/wp:paragraph -->\n<p><!-- wp:paragraph --><strong>Zam<\/strong><strong>\u00f3wienie towaru lub us\u0142ugi<\/strong><\/p>\n<!-- \/wp:paragraph -->\n<p><!-- wp:paragraph -->Podanie danych w zwi\u0105zku z ch\u0119ci\u0105 zam\u00f3wienia towaru i\/lub us\u0142ugi s\u0105 przetwarzane w celu zawarcia i\u00a0realizacji us\u0142ugi, kt\u00f3r\u0105 s\u0105 Pa\u0144stwo zainteresowani.<\/p>\n<!-- \/wp:paragraph -->\n<p><!-- wp:paragraph -->Podstawa prawna przetwarzania &#8211; art. 6 ust. 1 lit b RODO tj. niezb\u0119dno\u015b\u0107 przetwarzania danych do wykonania umowy lub niezb\u0119dno\u015b\u0107 ich przetwarzania do podj\u0119cia na Pa\u0144stwa \u017c\u0105danie dzia\u0142a\u0144 przed zawarciem umowy.<\/p>\n<!-- \/wp:paragraph -->\n<p><!-- wp:paragraph --><strong>Newsletter<\/strong><\/p>\n<!-- \/wp:paragraph -->\n<p><!-- wp:paragraph -->Administrator na podstawie udzielonej przez U\u017cytkownika fakultatywnej zgody ma prawo do wysy\u0142ania do niego na podane adresy e-mail informacji marketingowych (newsletter).<\/p>\n<!-- \/wp:paragraph -->\n<p><!-- wp:paragraph --><strong>Okres przechowywania danych osobowych<\/strong><\/p>\n<!-- \/wp:paragraph -->\n<p><!-- wp:paragraph -->Dane b\u0119d\u0105 przetwarzane przez Administratora do momentu cofni\u0119cia zgody wyra\u017conej na przetwarzanie.<\/p>\n<!-- \/wp:paragraph -->\n<p><!-- wp:paragraph -->W przypadku przetwarzania danych w celu realizacji us\u0142ugi, przetwarzane s\u0105 do chwili przedawnienia roszcze\u0144 zwi\u0105zanych z wykonaniem us\u0142ugi.<\/p>\n<!-- \/wp:paragraph -->\n<p><!-- wp:paragraph -->Administrator przetwarza dane kontaktowe do momentu istnienia potrzeby kontaktu, w celu archiwizacji korespondencji do czasu istnienia tej potrzeby po naszej stronie, nie d\u0142u\u017cej ni\u017c 10 lat lub te\u017c do czasu uwzgl\u0119dnienia wniesionego sprzeciwu.<\/p>\n<!-- \/wp:paragraph -->\n<p><!-- wp:paragraph -->Podanie danych jest dobrowolne, jednak ich brak uniemo\u017cliwi nam osi\u0105gni\u0119cie celu przetwarzania, czyli np. kontaktu lub wykonaniem umowy. W przypadku gdy celem przetwarzania danych jest realizacja umowy, podanie niezb\u0119dnych danych jest konieczne w celu zawarcia umowy.<\/p>\n<!-- \/wp:paragraph -->\n<p><!-- wp:paragraph -->Dane osobowe przetwarzane na potrzeby marketingu produkt\u00f3w i us\u0142ug na podstawie odr\u0119bnej zgody b\u0119d\u0105 przechowywane do czasu jej cofni\u0119cia.<\/p>\n<!-- \/wp:paragraph -->\n<p><!-- wp:paragraph --><strong>Odbiorcy danych<\/strong><\/p>\n<!-- \/wp:paragraph -->\n<p><!-- wp:paragraph -->Podane przez Pani\u0105\/Pana dane osobowe b\u0119d\u0105 udost\u0119pniane odbiorcom innych kategorii tj.: operatorzy pocztowi, kurierzy, przewo\u017anicy, firmy obs\u0142uguj\u0105ce korespondencj\u0119, firmy \u015bwiadcz\u0105ce us\u0142ugi utrzymywania serwis\u00f3w internetowych, biura rachunkowe, operatorzy p\u0142atno\u015bci internetowych).<\/p>\n<!-- \/wp:paragraph -->\n<p><!-- wp:paragraph -->Pozyskane dane osobowe i teleadresowe nie s\u0105 sprzedawane i udost\u0119pniane innym podmiotom, za wyj\u0105tkiem ww. oraz pracownik\u00f3w i\u00a0wsp\u00f3\u0142pracownik\u00f3w OOKSY BLOCH BIERNACKI SP\u00d3\u0141KA JAWNA.<\/p>\n<!-- \/wp:paragraph -->\n<p><!-- wp:paragraph -->Administrator danych nie b\u0119dzie przekazywa\u0142 danych osobowych do pa\u0144stw trzecich i organizacji mi\u0119dzynarodowych.<\/p>\n<!-- \/wp:paragraph -->\n<p><!-- wp:paragraph --><strong>Prawa zwi\u0105zane z przetwarzaniem danych osobowych<\/strong><\/p>\n<!-- \/wp:paragraph -->\n<!-- wp:list -->\n<ul>\n<li style=\"list-style-type: none;\">\n<ul><!-- wp:list-item --><\/p>\n<li>prawo dost\u0119pu do swoich danych osobowych,<\/li>\n<!-- \/wp:list-item -->\n<!-- wp:list-item -->\n<li>prawo \u017c\u0105dania sprostowania danych,<\/li>\n<!-- \/wp:list-item -->\n<!-- wp:list-item -->\n<li>prawo \u017c\u0105dania usuni\u0119cia danych osobowych (w okre\u015blonych przypadkach),<\/li>\n<!-- \/wp:list-item -->\n<!-- wp:list-item -->\n<li>prawo \u017c\u0105dania ograniczenia przetwarzania danych osobowych,<\/li>\n<!-- \/wp:list-item -->\n<!-- wp:list-item -->\n<li>prawo do przenoszenia danych osobowych<\/li>\n<!-- \/wp:list-item -->\n<!-- wp:list-item -->\n<li>prawo do wycofania swojej zgody w ka\u017cdym czasie, bez wp\u0142ywu na przetwarzania dokonane przed wycofaniem zgody,<\/li>\n<!-- \/wp:list-item -->\n<!-- wp:list-item -->\n<li>prawo wniesienia skargi do organu nadzorczego tj. Prezesa Urz\u0119du Ochrony Danych Osobowych.<\/li>\n<\/ul>\n<\/li>\n<\/ul>\n<!-- \/wp:list-item --><!-- \/wp:list -->\n<p><!-- wp:paragraph -->Wi\u0119cej na temat praw: https:\/\/www.uodo.gov.pl\/<\/p>\n<!-- \/wp:paragraph -->\n<p><!-- wp:paragraph --><strong>Pliki cookies<\/strong><\/p>\n<!-- \/wp:paragraph -->\n<p><!-- wp:paragraph -->Informacje przechowywane w urz\u0105dzeniu U\u017cytkownika s\u0105 przetwarzane przez OOKSY BLOCH BIERNACKI SP\u00d3\u0141KA JAWNA na podstawie zgody U\u017cytkownika Serwisu, wyra\u017conej za pomoc\u0105 ustawie\u0144 oprogramowania zainstalowanego w Pani\/Pana komputerze\/telefonie\/tablecie. W dowolnym momencie mo\u017cna zmieni\u0107 ustawienia przegl\u0105darki blokuj\u0105c lub ograniczaj\u0105c wykorzystywanie plik\u00f3w cookies.<\/p>\n<!-- \/wp:paragraph -->\n<p>&nbsp;<\/p>\n<p>[\/vc_column_text][\/vc_column][\/vc_row]<\/p>\n","protected":false},"excerpt":{"rendered":"<p>[vc_row][vc_column][vc_column_text] \u201ePOLITYKA PRYWATNO\u015aCI\u201d OOKSY BLOCH BIERNACKI SP\u00d3\u0141KA JAWNA z siedzib\u0105 w Poznaniu, ul. Rynek \u0141azarski 2, 60 \u2013 731 Pozna\u0144, wpisany do KRS pod nr 0000818192, NIP: 7792511776 (dalej jako: \u201eOOKSY BLOCH BIERNACKI SP\u00d3\u0141KA JAWNA\u201d), stosuje zasady w zakresie ochrony danych osobowych wynikaj\u0105cych z RODO (Rozporz\u0105dzenia Parlamentu Europejskiego i Rady (UE) nr 2016\/679 z dnia [&hellip;]<\/p>\n","protected":false},"author":1,"featured_media":3710,"parent":0,"menu_order":0,"comment_status":"closed","ping_status":"closed","template":"template-page.php","meta":{"footnotes":""},"class_list":["post-3791","page","type-page","status-publish","has-post-thumbnail","hentry"],"blocksy_meta":[],"_links":{"self":[{"href":"https:\/\/bloch1995.pl\/sklep\/wp-json\/wp\/v2\/pages\/3791","targetHints":{"allow":["GET"]}}],"collection":[{"href":"https:\/\/bloch1995.pl\/sklep\/wp-json\/wp\/v2\/pages"}],"about":[{"href":"https:\/\/bloch1995.pl\/sklep\/wp-json\/wp\/v2\/types\/page"}],"author":[{"embeddable":true,"href":"https:\/\/bloch1995.pl\/sklep\/wp-json\/wp\/v2\/users\/1"}],"replies":[{"embeddable":true,"href":"https:\/\/bloch1995.pl\/sklep\/wp-json\/wp\/v2\/comments?post=3791"}],"version-history":[{"count":4,"href":"https:\/\/bloch1995.pl\/sklep\/wp-json\/wp\/v2\/pages\/3791\/revisions"}],"predecessor-version":[{"id":4136,"href":"https:\/\/bloch1995.pl\/sklep\/wp-json\/wp\/v2\/pages\/3791\/revisions\/4136"}],"wp:featuredmedia":[{"embeddable":true,"href":"https:\/\/bloch1995.pl\/sklep\/wp-json\/wp\/v2\/media\/3710"}],"wp:attachment":[{"href":"https:\/\/bloch1995.pl\/sklep\/wp-json\/wp\/v2\/media?parent=3791"}],"curies":[{"name":"wp","href":"https:\/\/api.w.org\/{rel}","templated":true}]}}