{"id":3746,"date":"2023-03-02T11:40:31","date_gmt":"2023-03-02T11:40:31","guid":{"rendered":"https:\/\/bloch1995.pl\/sklep\/?page_id=3746"},"modified":"2023-05-08T08:49:07","modified_gmt":"2023-05-08T08:49:07","slug":"agnieszka-i-grzegorz-hyzy","status":"publish","type":"page","link":"https:\/\/bloch1995.pl\/sklep\/agnieszka-i-grzegorz-hyzy\/","title":{"rendered":"Agnieszka i Grzegorz Hy\u017cy"},"content":{"rendered":"<p>[vc_row][vc_column][vc_column_text]<\/p>\n<h2>BLOCH X MR. &amp; MRS. HY\u017bY<\/h2>\n<p>&nbsp;<\/p>\n<p>Kampania<em> Look for more \u2013 <\/em>bo \u201cnajwa\u017cniejsze jest niewidoczne dla oczu\u201d. Zauwa\u017cyli\u015bmy, \u017ce to, co najpi\u0119kniejsze, prawdziwe i wyj\u0105tkowe cz\u0119sto jest niedostrzegane lub pomijane. W dzisiejszych czasach oceny i os\u0105dy wydajemy szybko i bezrefleksyjnie. Zamykamy si\u0119, krytykujemy, nie potrafimy by\u0107 obiektywni&#8230; My chcemy widzie\u0107 wi\u0119cej! Chcemy by\u0107 otwarci i prawdziwi dla siebie oraz dla innych, zatrzyma\u0107 si\u0119 na moment\u2026 Wszyscy potrzebujemy dzi\u015b wi\u0119cej uwagi, \u017cyczliwo\u015bci, wsp\u00f3lnych chwil. Ka\u017cdego dnia biegniemy, poszukujemy, tracimy czas. Cz\u0119sto tak\u017ce siebie z oczu.<em> Look for more<\/em> ma nas zatrzyma\u0107 dla siebie. B\u0105d\u017amy dla siebie wi\u0119cej i bardziej, nie jutro, tylko ju\u017c dzi\u015b!<\/p>\n<p><em>Look for more<\/em> to dwie autorskie kolekcje sygnowane przez gwiazdy. Po\u0142\u0105czyli\u015bmy 25 lat tradycji i do\u015bwiadczenia marki Bloch Optyk z niebanalnym spojrzeniem na \u015bwiat, jakie maj\u0105 celebryci. Dzi\u0119ki wsp\u00f3\u0142pracy z Agnieszk\u0105 i Grzegorzem Hy\u017cy stworzyli\u015bmy prawdziwie wyj\u0105tkowe propozycje dla os\u00f3b, kt\u00f3re ca\u0142y czas poszukuj\u0105 w \u017cyciu czego\u015b wi\u0119cej. W naszych okularach ka\u017cdy mo\u017ce poczu\u0107 si\u0119 jak gwiazda, jednocze\u015bnie pozostaj\u0105c sob\u0105.<\/p>\n<p>&nbsp;<\/p>\n<h2><img fetchpriority=\"high\" decoding=\"async\" class=\"alignnone size-full wp-image-4240\" src=\"https:\/\/bloch1995.pl\/sklep\/wp-content\/uploads\/2023\/04\/Optyk-Bloch-studio-515-1.webp\" alt=\"\" width=\"800\" height=\"533\" srcset=\"https:\/\/bloch1995.pl\/sklep\/wp-content\/uploads\/2023\/04\/Optyk-Bloch-studio-515-1.webp 800w, https:\/\/bloch1995.pl\/sklep\/wp-content\/uploads\/2023\/04\/Optyk-Bloch-studio-515-1-300x200.webp 300w, https:\/\/bloch1995.pl\/sklep\/wp-content\/uploads\/2023\/04\/Optyk-Bloch-studio-515-1-600x400.webp 600w, https:\/\/bloch1995.pl\/sklep\/wp-content\/uploads\/2023\/04\/Optyk-Bloch-studio-515-1-768x512.webp 768w\" sizes=\"(max-width: 800px) 100vw, 800px\" \/><\/h2>\n<p>&nbsp;<\/p>\n<p>&nbsp;<\/p>\n<h2>Okulary BLOCH X MR. &amp; MRS. HY\u017bY<\/h2>\n<p>&nbsp;<\/p>\n<p>BLOCH X MR. &amp; MRS. HY\u017bY to bardzo osobista kolekcja, stworzona we wsp\u00f3\u0142pracy z Agnieszk\u0105 i Grzegorzem Hy\u017cy. Jest to pierwszy wsp\u00f3lny projekt tej pary. Jego wyj\u0105tkowy charakter podkre\u015bla sama Agnieszka:<\/p>\n<p><em>\u201cPo raz pierwszy postanowili\u015bmy pokaza\u0107 siebie bardziej i wi\u0119cej, z innej strony.\u00a0<\/em><\/p>\n<p><em>Nie przez r\u00f3\u017cowe okulary, ale prawdziwie, modnie, zgodnie z tym, co nosimy i co wybieramy. Moda odbita w szk\u0142ach okular\u00f3w. Kolekcja, kt\u00f3ra jest nasza. Prosta, ale z twistem.\u201d<\/em><\/p>\n<p>&nbsp;<\/p>\n<p><img decoding=\"async\" class=\"alignnone size-full wp-image-4241\" src=\"https:\/\/bloch1995.pl\/sklep\/wp-content\/uploads\/2023\/04\/396A9756.webp\" alt=\"\" width=\"533\" height=\"800\" srcset=\"https:\/\/bloch1995.pl\/sklep\/wp-content\/uploads\/2023\/04\/396A9756.webp 533w, https:\/\/bloch1995.pl\/sklep\/wp-content\/uploads\/2023\/04\/396A9756-300x450.webp 300w, https:\/\/bloch1995.pl\/sklep\/wp-content\/uploads\/2023\/04\/396A9756-200x300.webp 200w\" sizes=\"(max-width: 533px) 100vw, 533px\" \/><\/p>\n<p>&nbsp;<\/p>\n<p>Para, kt\u00f3ra na co dzie\u0144 zatrzymuje najwa\u017cniejsze chwile i momenty dla siebie, chroni\u0105c prywatno\u015b\u0107, dom i dzieci zdecydowa\u0142a si\u0119 na wsp\u00f3\u0142prac\u0119 z mark\u0105 Bloch Optyk, pokazuj\u0105c kawa\u0142ek siebie i swojego, osobistego spojrzenia na \u015bwiat. To jeden z aspekt\u00f3w, kt\u00f3ry czyni t\u0119 kolekcj\u0119 prawdziwie niepowtarzaln\u0105.<\/p>\n<p>R\u00f3\u017cnorodno\u015b\u0107 kolor\u00f3w i form dost\u0119pnych w kolekcji BLOCH X MR. &amp; MRS. HY\u017bY \u0142\u0105czy jedno \u2013 klasa. I cho\u0107 w zamy\u015ble kolekcja ta to dwa oddzielne \u015bwiaty, damski i m\u0119ski, jednak podkre\u015bla to, \u017ce maj\u0105 one punkty wsp\u00f3lne, dok\u0142adnie tak jak w \u017cyciu. Bo przecie\u017c unisex te\u017c mo\u017ce by\u0107 sexy, pokazuj\u0105c, \u017ce to, co wsp\u00f3lne i podobne \u0142\u0105czy ludzi, a razem zawsze ra\u017aniej.<\/p>\n<p>Agnieszka i Grzegorz nie ukrywaj\u0105 si\u0119 za ciemnymi okularami. Wr\u0119cz przeciwnie! Pokazuj\u0105 nam cz\u0119\u015b\u0107 siebie, podkre\u015blaj\u0105c to, \u017ce okulary mog\u0105 stanowi\u0107 wa\u017cny element naszego ja, akcesorium dope\u0142niaj\u0105ce ca\u0142o\u015b\u0107, a czasem determinuj\u0105ce wszystko inne i nadaj\u0105ce kierunek i styl.<\/p>\n<p><em>\u201cMamy nadziej\u0119, \u017ce w tej kolekcji odnajd\u0105 si\u0119 wszyscy, kt\u00f3rzy ceni\u0105 jako\u015b\u0107, wyczucie smaku, nie boj\u0105 si\u0119 wyr\u00f3\u017cni\u0107, lubi\u0105 trendy, ale maj\u0105 te\u017c swoje w\u0142asne zdanie i styl. Wierzymy te\u017c, \u017ce pozytywne emocje, kt\u00f3re nam towarzyszy\u0142y przy tworzeniu tego projektu i ca\u0142ej kolekcji, stan\u0105 si\u0119 wyczuwalne i to\u017csame dla tych, kt\u00f3rzy wybior\u0105 nasze modele dla siebie.\u201d\u00a0<\/em><\/p>\n<p>&#8211; Agnieszka Hy\u017cy<\/p>\n<h2><\/h2>\n<p>&nbsp;<\/p>\n<h2><img decoding=\"async\" class=\"alignnone size-full wp-image-4242\" src=\"https:\/\/bloch1995.pl\/sklep\/wp-content\/uploads\/2023\/04\/396A9684.webp\" alt=\"\" width=\"533\" height=\"800\" srcset=\"https:\/\/bloch1995.pl\/sklep\/wp-content\/uploads\/2023\/04\/396A9684.webp 533w, https:\/\/bloch1995.pl\/sklep\/wp-content\/uploads\/2023\/04\/396A9684-300x450.webp 300w, https:\/\/bloch1995.pl\/sklep\/wp-content\/uploads\/2023\/04\/396A9684-200x300.webp 200w\" sizes=\"(max-width: 533px) 100vw, 533px\" \/><\/h2>\n<p>&nbsp;<\/p>\n<p>&nbsp;<\/p>\n<h2>Poznaj bli\u017cej kolekcj\u0119 BLOCH X MR. &amp; MRS. HY\u017bY<\/h2>\n<p>&nbsp;<\/p>\n<p>Propozycje dost\u0119pne w ramach kolekcji BLOCH X MR. &amp; MRS. HY\u017bY to wyj\u0105tkowe okulary z twistem. Pozornie proste, maj\u0105 wyj\u0105tkowy charakter, kt\u00f3ry pomaga podkre\u015bli\u0107 w\u0142asne ja. Dlatego sprawdz\u0105 si\u0119 u wszystkich os\u00f3b \u015bledz\u0105cych trendy i chc\u0105cych si\u0119 wyr\u00f3\u017cni\u0107, przy jednoczesnym pozostaniu sob\u0105.<\/p>\n<p>Znajdziesz tu zar\u00f3wno oprawy okularowe, jak i okulary przeciws\u0142oneczne. Do wyboru s\u0105 modele metalowe, a tak\u017ce z acetatu (tworzywa powstaj\u0105cego z celulozy, b\u0119d\u0105cego przyjazn\u0105 dla \u015brodowiska alternatyw\u0105 w stosunku do konwencjonalnych tworzyw sztucznych). Wsp\u00f3lna kolekcja Bloch Optyk oraz Agnieszki i Grzegorza Hy\u017cy to nie tylko nowoczesny i modny design, ale tak\u017ce rozs\u0105dne podej\u015bcie do wykorzystywanych podczas produkcji materia\u0142\u00f3w. Wybrane modele s\u0105 dost\u0119pne z gradalnie barwion\u0105 soczewk\u0105, aby\u015b jeszcze lepiej dopasowa\u0142 je do swojego stylu.<\/p>\n<p>&nbsp;<\/p>\n<h2>Wybierz Bloch Optyk, tak jak Agnieszka i Grzegorz Hy\u017cy<\/h2>\n<p>&nbsp;<\/p>\n<p>Jeste\u015bmy dumni ze wsp\u00f3\u0142pracy z Agnieszk\u0105 i Grzegorzem, tym bardziej \u017ce nasza kolekcja to pierwszy wsp\u00f3lny projekt ma\u0142\u017conk\u00f3w. Cieszymy si\u0119 zaufaniem, jakim nas obdarzyli oraz tym, \u017ce zdecydowali si\u0119 wspiera\u0107 polsk\u0105 firm\u0119. Grzegorz, pochodz\u0105cy z Gniezna, doskonale wie, czym jest patriotyzm lokalny, nic wi\u0119c dziwnego, \u017ce razem z \u017con\u0105 wybrali wsp\u00f3\u0142prac\u0119 z wielkopolsk\u0105 mark\u0105. Umi\u0142owanie stylu i ogromna pasja to co\u015b, co \u0142\u0105czy nas oraz ma\u0142\u017ce\u0144stwo Hy\u017cych \u2013 dlatego tak doskonale si\u0119 rozumiemy. Agnieszka i Grzegorz docenili nasz\u0105 ekspercko\u015b\u0107. Mamy wieloletnie do\u015bwiadczenie, kt\u00f3re wykorzystujemy do tego, aby wychodzi\u0107 naprzeciw potrzebom naszych klient\u00f3w, \u0142\u0105cz\u0105c najnowsze trendy, niebanalny design oraz funkcjonalno\u015b\u0107.<\/p>\n<p>Do\u0142\u0105cz do grona os\u00f3b, kt\u00f3re zakocha\u0142y si\u0119 w kolekcji BLOCH X MR. &amp; MRS. HY\u017bY i wybierz okulary, kt\u00f3re podkre\u015bl\u0105 Twoj\u0105 niepowtarzalno\u015b\u0107. Zapraszamy do naszych salon\u00f3w!<\/p>\n<p>[\/vc_column_text][\/vc_column][\/vc_row]<\/p>\n","protected":false},"excerpt":{"rendered":"<p>[vc_row][vc_column][vc_column_text] BLOCH X MR. &amp; MRS. HY\u017bY &nbsp; Kampania Look for more \u2013 bo \u201cnajwa\u017cniejsze jest niewidoczne dla oczu\u201d. Zauwa\u017cyli\u015bmy, \u017ce to, co najpi\u0119kniejsze, prawdziwe i wyj\u0105tkowe cz\u0119sto jest niedostrzegane lub pomijane. W dzisiejszych czasach oceny i os\u0105dy wydajemy szybko i bezrefleksyjnie. Zamykamy si\u0119, krytykujemy, nie potrafimy by\u0107 obiektywni&#8230; My chcemy widzie\u0107 wi\u0119cej! Chcemy by\u0107 [&hellip;]<\/p>\n","protected":false},"author":1,"featured_media":0,"parent":0,"menu_order":0,"comment_status":"closed","ping_status":"closed","template":"template-page.php","meta":{"footnotes":""},"class_list":["post-3746","page","type-page","status-publish","hentry"],"blocksy_meta":[],"_links":{"self":[{"href":"https:\/\/bloch1995.pl\/sklep\/wp-json\/wp\/v2\/pages\/3746","targetHints":{"allow":["GET"]}}],"collection":[{"href":"https:\/\/bloch1995.pl\/sklep\/wp-json\/wp\/v2\/pages"}],"about":[{"href":"https:\/\/bloch1995.pl\/sklep\/wp-json\/wp\/v2\/types\/page"}],"author":[{"embeddable":true,"href":"https:\/\/bloch1995.pl\/sklep\/wp-json\/wp\/v2\/users\/1"}],"replies":[{"embeddable":true,"href":"https:\/\/bloch1995.pl\/sklep\/wp-json\/wp\/v2\/comments?post=3746"}],"version-history":[{"count":6,"href":"https:\/\/bloch1995.pl\/sklep\/wp-json\/wp\/v2\/pages\/3746\/revisions"}],"predecessor-version":[{"id":4639,"href":"https:\/\/bloch1995.pl\/sklep\/wp-json\/wp\/v2\/pages\/3746\/revisions\/4639"}],"wp:attachment":[{"href":"https:\/\/bloch1995.pl\/sklep\/wp-json\/wp\/v2\/media?parent=3746"}],"curies":[{"name":"wp","href":"https:\/\/api.w.org\/{rel}","templated":true}]}}