{"id":3744,"date":"2023-03-02T11:39:05","date_gmt":"2023-03-02T11:39:05","guid":{"rendered":"https:\/\/bloch1995.pl\/sklep\/?page_id=3744"},"modified":"2025-07-08T12:36:24","modified_gmt":"2025-07-08T12:36:24","slug":"historia","status":"publish","type":"page","link":"https:\/\/bloch1995.pl\/sklep\/historia\/","title":{"rendered":"O nas"},"content":{"rendered":"<p>[vc_row][vc_column][vc_column_text]<\/p>\n<p>Witaj na naszej stronie internetowej! Jeste\u015bmy firm\u0105 zajmuj\u0105c\u0105 si\u0119 sprzedaj\u0105c\u0105 wysokiej jako\u015bci polskie oprawki i okulary korekcyjne oraz przeciws\u0142oneczne. Nasz\u0105 si\u0142\u0105 s\u0105 wiedza i do\u015bwiadczenie, kt\u00f3re budowali\u015bmy przez lata. W 1995 roku Wie\u0144czys\u0142aw Bloch otworzy\u0142 sw\u00f3j pierwszy stacjonarny sklep, kt\u00f3ry z czasem zosta\u0142 rozbudowany o kolejne lokalizacje. W 2020 roku wprowadzili\u015bmy do sprzeda\u017cy nasze pierwsze, autorskie kolekcje okular\u00f3w pod mark\u0105 BLOCH. Dzi\u015b idziemy o krok dalej i oddajemy do Waszej dyspozycji sklep internetowy, kt\u00f3ry umo\u017cliwia zakup naszych okular\u00f3w z dowolnego miejsca, bez konieczno\u015bci wychodzenia z domu.<\/p>\n<p>&nbsp;<\/p>\n<p>Wraz z inauguracj\u0105 sklepu online uruchamiamy now\u0105 kampani\u0119 \u201cLook for More\u201d. Do wsp\u00f3\u0142pracy zaprosili\u015bmy znan\u0105 par\u0119 Agnieszk\u0119 i Grzegorza Hy\u017cy. Od 9 lat patrz\u0105 w razem w jedn\u0105 stron\u0119. Razem stworzyli\u015bmy pierwsz\u0105 wsp\u00f3ln\u0105 kampani\u0119, aby zach\u0119ci\u0107 do poszukiwania niebanalnych rozwi\u0105za\u0144 optycznych.<\/p>\n<p>&nbsp;<\/p>\n<p>Celem naszej kampanii jest pokazanie, \u017ce okulary mog\u0105 by\u0107 wyrazem osobistego stylu oraz doskona\u0142ym dope\u0142nieniem stylizacji. Z nami mo\u017cna stworzy\u0107 sw\u00f3j unikalny look, kt\u00f3ry przyci\u0105gnie uwag\u0119 i pozwoli poczu\u0107 si\u0119 pewniej. Zach\u0119camy do poszukiwania czego\u015b wi\u0119cej ni\u017c tylko standardowych rozwi\u0105za\u0144 optycznych i do odkrywania naszych autorskich kolekcji okular\u00f3w pod mark\u0105 BLOCH.<\/p>\n<p>[\/vc_column_text][\/vc_column][\/vc_row]<\/p>\n","protected":false},"excerpt":{"rendered":"<p>[vc_row][vc_column][vc_column_text] Witaj na naszej stronie internetowej! Jeste\u015bmy firm\u0105 zajmuj\u0105c\u0105 si\u0119 sprzedaj\u0105c\u0105 wysokiej jako\u015bci polskie oprawki i okulary korekcyjne oraz przeciws\u0142oneczne. Nasz\u0105 si\u0142\u0105 s\u0105 wiedza i do\u015bwiadczenie, kt\u00f3re budowali\u015bmy przez lata. W 1995 roku Wie\u0144czys\u0142aw Bloch otworzy\u0142 sw\u00f3j pierwszy stacjonarny sklep, kt\u00f3ry z czasem zosta\u0142 rozbudowany o kolejne lokalizacje. W 2020 roku wprowadzili\u015bmy do sprzeda\u017cy nasze [&hellip;]<\/p>\n","protected":false},"author":1,"featured_media":0,"parent":0,"menu_order":0,"comment_status":"closed","ping_status":"closed","template":"","meta":{"footnotes":""},"class_list":["post-3744","page","type-page","status-publish","hentry"],"blocksy_meta":[],"_links":{"self":[{"href":"https:\/\/bloch1995.pl\/sklep\/wp-json\/wp\/v2\/pages\/3744","targetHints":{"allow":["GET"]}}],"collection":[{"href":"https:\/\/bloch1995.pl\/sklep\/wp-json\/wp\/v2\/pages"}],"about":[{"href":"https:\/\/bloch1995.pl\/sklep\/wp-json\/wp\/v2\/types\/page"}],"author":[{"embeddable":true,"href":"https:\/\/bloch1995.pl\/sklep\/wp-json\/wp\/v2\/users\/1"}],"replies":[{"embeddable":true,"href":"https:\/\/bloch1995.pl\/sklep\/wp-json\/wp\/v2\/comments?post=3744"}],"version-history":[{"count":6,"href":"https:\/\/bloch1995.pl\/sklep\/wp-json\/wp\/v2\/pages\/3744\/revisions"}],"predecessor-version":[{"id":5801,"href":"https:\/\/bloch1995.pl\/sklep\/wp-json\/wp\/v2\/pages\/3744\/revisions\/5801"}],"wp:attachment":[{"href":"https:\/\/bloch1995.pl\/sklep\/wp-json\/wp\/v2\/media?parent=3744"}],"curies":[{"name":"wp","href":"https:\/\/api.w.org\/{rel}","templated":true}]}}