{"id":3107,"date":"2016-06-08T09:24:53","date_gmt":"2016-06-08T09:24:53","guid":{"rendered":"http:\/\/46.101.121.125\/wordpress\/?page_id=3107"},"modified":"2023-07-31T10:40:51","modified_gmt":"2023-07-31T10:40:51","slug":"f-a-q","status":"publish","type":"page","link":"https:\/\/bloch1995.pl\/sklep\/f-a-q\/","title":{"rendered":"F.A.Q."},"content":{"rendered":"<p>[vc_row][vc_column width=&#8221;1\/6&#8243;][\/vc_column][vc_column width=&#8221;2\/3&#8243;][vc_toggle title=&#8221;Jak mog\u0119 z\u0142o\u017cy\u0107 zam\u00f3wienie?&#8221; style=&#8221;arrow&#8221; open=&#8221;true&#8221; el_id=&#8221;1450886461569-a8b1f4a1-5196&#8243;]Aby z\u0142o\u017cy\u0107 zam\u00f3wienie, nale\u017cy doda\u0107 produkty do koszyka i przej\u015b\u0107 do procesu sk\u0142adania zam\u00f3wienia. Mo\u017cesz dokona\u0107 zakup\u00f3w jako go\u015b\u0107 lub za\u0142o\u017cy\u0107 konto w naszym sklepie.[\/vc_toggle][vc_toggle title=&#8221;Jakie s\u0105 metody p\u0142atno\u015bci?&#8221; style=&#8221;arrow&#8221; el_id=&#8221;1451044196445-1aa1a52a-7b5f&#8221;]W naszym sklepie realizujemy p\u0142atno\u015bci za pomoc\u0105 serwisu Przelewy24.[\/vc_toggle][vc_toggle title=&#8221;Kiedy otrzymam moje zam\u00f3wienie?&#8221; style=&#8221;arrow&#8221; el_id=&#8221;1451044261452-312bf1d8-0856&#8243;]Czas dostawy zale\u017cy od wybranej przez Ciebie metody dostawy oraz adresu dostawy. Szacunkowy czas dostawy podany jest przy sk\u0142adaniu zam\u00f3wienia, najcz\u0119\u015bciej jest to 5 dni roboczych. [\/vc_toggle][vc_toggle title=&#8221;Jakie s\u0105 koszty dostawy?&#8221; style=&#8221;arrow&#8221; el_id=&#8221;1451044260573-e3972c2d-87f3&#8243;]Koszt dostawy zale\u017cy od wybranej przez Ciebie metody dostawy oraz miejsca dostawy. Szczeg\u00f3\u0142y dotycz\u0105ce koszt\u00f3w dostawy znajduj\u0105 si\u0119 na stronie sklepu internetowego.[\/vc_toggle][vc_toggle title=&#8221;Czy realizowane s\u0105 wysy\u0142ki za granic\u0119?&#8221; style=&#8221;arrow&#8221;]Wysy\u0142ka jest realizowana wy\u0142\u0105cznie na terenie Polski.[\/vc_toggle][vc_toggle title=&#8221;Czy mog\u0119 zwr\u00f3ci\u0107 lub wymieni\u0107 produkt?&#8221; style=&#8221;arrow&#8221;]Tak, je\u017celi klient jest konsumentem, w\u00f3wczas przys\u0142uguje mu prawo odst\u0105pienia od umowy sprzeda\u017cy bez podania przyczyn oraz bez ponoszenia koszt\u00f3w, w terminie 14 dni.[\/vc_toggle][vc_toggle title=&#8221;Jaki jest adres do zwrotu?&#8221; style=&#8221;arrow&#8221;]Prosimy o przes\u0142anie zwracanego produktu z dowodem zakupu oraz <a href=\"https:\/\/bloch1995.pl\/sklep\/wp-content\/uploads\/2023\/06\/odstapienie-od-umowy-sklep-online-bloch-formularz-zwrotu.doc\">formularzem zwrotu <\/a>na adres:<\/p>\n<p>Bloch Group Sp\u00f3\u0142ka jawna<\/p>\n<p>Marceli\u0144ska 96\/201<\/p>\n<p>60-324 Pozna\u0144<\/p>\n<p>tel. 502 769 067[\/vc_toggle][vc_toggle title=&#8221;Czy oferujecie gwarancj\u0119 na produkty?&#8221; style=&#8221;arrow&#8221;]Tak, wszystkie produkty w naszym sklepie obj\u0119te s\u0105 standardow\u0105 gwarancj\u0105 producenta.[\/vc_toggle][vc_toggle title=&#8221;Jak mog\u0119 skontaktowa\u0107 si\u0119 z dzia\u0142em obs\u0142ugi klienta?&#8221; style=&#8221;arrow&#8221;]Mo\u017cesz skontaktowa\u0107 si\u0119 z dzia\u0142em obs\u0142ugi klienta za po\u015brednictwem formularza kontaktowego na stronie sklepu internetowego lub telefonicznie. Szczeg\u00f3\u0142y kontaktu znajduj\u0105 si\u0119 na naszej stronie internetowej w zak\u0142adce KONTAKT. [\/vc_toggle][\/vc_column][vc_column width=&#8221;1\/6&#8243;][\/vc_column][\/vc_row][vc_row][vc_column][\/vc_column][\/vc_row]<\/p>\n","protected":false},"excerpt":{"rendered":"<p>[vc_row][vc_column width=&#8221;1\/6&#8243;][\/vc_column][vc_column width=&#8221;2\/3&#8243;][vc_toggle title=&#8221;Jak mog\u0119 z\u0142o\u017cy\u0107 zam\u00f3wienie?&#8221; style=&#8221;arrow&#8221; open=&#8221;true&#8221; el_id=&#8221;1450886461569-a8b1f4a1-5196&#8243;]Aby z\u0142o\u017cy\u0107 zam\u00f3wienie, nale\u017cy doda\u0107 produkty do koszyka i przej\u015b\u0107 do procesu sk\u0142adania zam\u00f3wienia. Mo\u017cesz dokona\u0107 zakup\u00f3w jako go\u015b\u0107 lub za\u0142o\u017cy\u0107 konto w naszym sklepie.[\/vc_toggle][vc_toggle title=&#8221;Jakie s\u0105 metody p\u0142atno\u015bci?&#8221; style=&#8221;arrow&#8221; el_id=&#8221;1451044196445-1aa1a52a-7b5f&#8221;]W naszym sklepie realizujemy p\u0142atno\u015bci za pomoc\u0105 serwisu Przelewy24.[\/vc_toggle][vc_toggle title=&#8221;Kiedy otrzymam moje zam\u00f3wienie?&#8221; style=&#8221;arrow&#8221; el_id=&#8221;1451044261452-312bf1d8-0856&#8243;]Czas dostawy [&hellip;]<\/p>\n","protected":false},"author":1,"featured_media":0,"parent":0,"menu_order":0,"comment_status":"closed","ping_status":"closed","template":"template-page.php","meta":{"footnotes":""},"class_list":["post-3107","page","type-page","status-publish","hentry"],"blocksy_meta":[],"_links":{"self":[{"href":"https:\/\/bloch1995.pl\/sklep\/wp-json\/wp\/v2\/pages\/3107","targetHints":{"allow":["GET"]}}],"collection":[{"href":"https:\/\/bloch1995.pl\/sklep\/wp-json\/wp\/v2\/pages"}],"about":[{"href":"https:\/\/bloch1995.pl\/sklep\/wp-json\/wp\/v2\/types\/page"}],"author":[{"embeddable":true,"href":"https:\/\/bloch1995.pl\/sklep\/wp-json\/wp\/v2\/users\/1"}],"replies":[{"embeddable":true,"href":"https:\/\/bloch1995.pl\/sklep\/wp-json\/wp\/v2\/comments?post=3107"}],"version-history":[{"count":9,"href":"https:\/\/bloch1995.pl\/sklep\/wp-json\/wp\/v2\/pages\/3107\/revisions"}],"predecessor-version":[{"id":5039,"href":"https:\/\/bloch1995.pl\/sklep\/wp-json\/wp\/v2\/pages\/3107\/revisions\/5039"}],"wp:attachment":[{"href":"https:\/\/bloch1995.pl\/sklep\/wp-json\/wp\/v2\/media?parent=3107"}],"curies":[{"name":"wp","href":"https:\/\/api.w.org\/{rel}","templated":true}]}}